{"id":915,"date":"2022-11-25T18:52:26","date_gmt":"2022-11-25T18:52:26","guid":{"rendered":"https:\/\/guiadelocio.es\/madrid\/?page_id=915"},"modified":"2023-02-08T18:54:45","modified_gmt":"2023-02-08T17:54:45","slug":"nightlife","status":"publish","type":"page","link":"https:\/\/guiadelocio.es\/madrid\/donde-comer-y-beber\/nightlife\/","title":{"rendered":"Nightlife"},"content":{"rendered":"","protected":false},"excerpt":{"rendered":"","protected":false},"author":2,"featured_media":1719,"parent":131,"menu_order":32,"comment_status":"closed","ping_status":"closed","template":"template-portada-categoria.php","meta":{"_acf_changed":false,"footnotes":""},"class_list":["post-915","page","type-page","status-publish","has-post-thumbnail","hentry"],"acf":[],"yoast_head":"<!-- This site is optimized with the Yoast SEO plugin v26.0 - https:\/\/yoast.com\/wordpress\/plugins\/seo\/ -->\n<title>Nightlife | Madrid<\/title>\n<meta name=\"description\" content=\"El mejor ocio nocturno en la ciudad que nunca duerme. Nightlife\" \/>\n<meta name=\"robots\" content=\"index, follow, max-snippet:-1, max-image-preview:large, max-video-preview:-1\" \/>\n<link rel=\"canonical\" href=\"https:\/\/guiadelocio.es\/madrid\/donde-comer-y-beber\/\" \/>\n<meta property=\"og:locale\" content=\"es_ES\" \/>\n<meta property=\"og:type\" content=\"article\" \/>\n<meta property=\"og:title\" content=\"Nightlife | Madrid\" \/>\n<meta property=\"og:description\" content=\"El mejor ocio nocturno en la ciudad que nunca duerme. Nightlife\" \/>\n<meta property=\"og:url\" content=\"https:\/\/guiadelocio.es\/madrid\/donde-comer-y-beber\/\" \/>\n<meta property=\"og:site_name\" content=\"Madrid\" \/>\n<meta property=\"article:modified_time\" content=\"2023-02-08T17:54:45+00:00\" \/>\n<meta property=\"og:image\" content=\"https:\/\/guiadelocio.es\/madrid\/wp-content\/uploads\/sites\/2\/2022\/12\/pexels-mauricio-mascaro-813661.jpg\" \/>\n\t<meta property=\"og:image:width\" content=\"1920\" \/>\n\t<meta property=\"og:image:height\" content=\"1280\" \/>\n\t<meta property=\"og:image:type\" content=\"image\/jpeg\" \/>\n<meta name=\"twitter:card\" content=\"summary_large_image\" \/>\n<script type=\"application\/ld+json\" class=\"yoast-schema-graph\">{\"@context\":\"https:\/\/schema.org\",\"@graph\":[{\"@type\":\"WebPage\",\"@id\":\"https:\/\/guiadelocio.es\/madrid\/donde-comer-y-beber\/nightlife\/\",\"url\":\"https:\/\/guiadelocio.es\/madrid\/donde-comer-y-beber\/\",\"name\":\"Nightlife | Madrid\",\"isPartOf\":{\"@id\":\"https:\/\/guiadelocio.es\/madrid\/#website\"},\"primaryImageOfPage\":{\"@id\":\"https:\/\/guiadelocio.es\/madrid\/donde-comer-y-beber\/#primaryimage\"},\"image\":{\"@id\":\"https:\/\/guiadelocio.es\/madrid\/donde-comer-y-beber\/#primaryimage\"},\"thumbnailUrl\":\"https:\/\/guiadelocio.es\/madrid\/wp-content\/uploads\/sites\/2\/2022\/12\/pexels-mauricio-mascaro-813661.jpg\",\"datePublished\":\"2022-11-25T18:52:26+00:00\",\"dateModified\":\"2023-02-08T17:54:45+00:00\",\"description\":\"El mejor ocio nocturno en la ciudad que nunca duerme. Nightlife\",\"breadcrumb\":{\"@id\":\"https:\/\/guiadelocio.es\/madrid\/donde-comer-y-beber\/#breadcrumb\"},\"inLanguage\":\"es\",\"potentialAction\":[{\"@type\":\"ReadAction\",\"target\":[\"https:\/\/guiadelocio.es\/madrid\/donde-comer-y-beber\/\"]}]},{\"@type\":\"ImageObject\",\"inLanguage\":\"es\",\"@id\":\"https:\/\/guiadelocio.es\/madrid\/donde-comer-y-beber\/#primaryimage\",\"url\":\"https:\/\/guiadelocio.es\/madrid\/wp-content\/uploads\/sites\/2\/2022\/12\/pexels-mauricio-mascaro-813661.jpg\",\"contentUrl\":\"https:\/\/guiadelocio.es\/madrid\/wp-content\/uploads\/sites\/2\/2022\/12\/pexels-mauricio-mascaro-813661.jpg\",\"width\":1920,\"height\":1280},{\"@type\":\"BreadcrumbList\",\"@id\":\"https:\/\/guiadelocio.es\/madrid\/donde-comer-y-beber\/#breadcrumb\",\"itemListElement\":[{\"@type\":\"ListItem\",\"position\":1,\"name\":\"Portada\",\"item\":\"https:\/\/guiadelocio.es\/madrid\/\"},{\"@type\":\"ListItem\",\"position\":2,\"name\":\"D\u00f3nde comer y beber\",\"item\":\"https:\/\/guiadelocio.es\/madrid\/donde-comer-y-beber\/\"},{\"@type\":\"ListItem\",\"position\":3,\"name\":\"Nightlife\"}]},{\"@type\":\"WebSite\",\"@id\":\"https:\/\/guiadelocio.es\/madrid\/#website\",\"url\":\"https:\/\/guiadelocio.es\/madrid\/\",\"name\":\"Madrid | Gu\u00eda del Ocio\",\"description\":\"Qu\u00e9 hacer, d\u00f3nde comer, qu\u00e9 visitar y los lugares que no te puedes perder\",\"potentialAction\":[{\"@type\":\"SearchAction\",\"target\":{\"@type\":\"EntryPoint\",\"urlTemplate\":\"https:\/\/guiadelocio.es\/madrid\/?s={search_term_string}\"},\"query-input\":{\"@type\":\"PropertyValueSpecification\",\"valueRequired\":true,\"valueName\":\"search_term_string\"}}],\"inLanguage\":\"es\"}]}<\/script>\n<!-- \/ Yoast SEO plugin. -->","yoast_head_json":{"title":"Nightlife | Madrid","description":"El mejor ocio nocturno en la ciudad que nunca duerme. Nightlife","robots":{"index":"index","follow":"follow","max-snippet":"max-snippet:-1","max-image-preview":"max-image-preview:large","max-video-preview":"max-video-preview:-1"},"canonical":"https:\/\/guiadelocio.es\/madrid\/donde-comer-y-beber\/","og_locale":"es_ES","og_type":"article","og_title":"Nightlife | Madrid","og_description":"El mejor ocio nocturno en la ciudad que nunca duerme. Nightlife","og_url":"https:\/\/guiadelocio.es\/madrid\/donde-comer-y-beber\/","og_site_name":"Madrid","article_modified_time":"2023-02-08T17:54:45+00:00","og_image":[{"width":1920,"height":1280,"url":"https:\/\/guiadelocio.es\/madrid\/wp-content\/uploads\/sites\/2\/2022\/12\/pexels-mauricio-mascaro-813661.jpg","type":"image\/jpeg"}],"twitter_card":"summary_large_image","schema":{"@context":"https:\/\/schema.org","@graph":[{"@type":"WebPage","@id":"https:\/\/guiadelocio.es\/madrid\/donde-comer-y-beber\/nightlife\/","url":"https:\/\/guiadelocio.es\/madrid\/donde-comer-y-beber\/","name":"Nightlife | Madrid","isPartOf":{"@id":"https:\/\/guiadelocio.es\/madrid\/#website"},"primaryImageOfPage":{"@id":"https:\/\/guiadelocio.es\/madrid\/donde-comer-y-beber\/#primaryimage"},"image":{"@id":"https:\/\/guiadelocio.es\/madrid\/donde-comer-y-beber\/#primaryimage"},"thumbnailUrl":"https:\/\/guiadelocio.es\/madrid\/wp-content\/uploads\/sites\/2\/2022\/12\/pexels-mauricio-mascaro-813661.jpg","datePublished":"2022-11-25T18:52:26+00:00","dateModified":"2023-02-08T17:54:45+00:00","description":"El mejor ocio nocturno en la ciudad que nunca duerme. Nightlife","breadcrumb":{"@id":"https:\/\/guiadelocio.es\/madrid\/donde-comer-y-beber\/#breadcrumb"},"inLanguage":"es","potentialAction":[{"@type":"ReadAction","target":["https:\/\/guiadelocio.es\/madrid\/donde-comer-y-beber\/"]}]},{"@type":"ImageObject","inLanguage":"es","@id":"https:\/\/guiadelocio.es\/madrid\/donde-comer-y-beber\/#primaryimage","url":"https:\/\/guiadelocio.es\/madrid\/wp-content\/uploads\/sites\/2\/2022\/12\/pexels-mauricio-mascaro-813661.jpg","contentUrl":"https:\/\/guiadelocio.es\/madrid\/wp-content\/uploads\/sites\/2\/2022\/12\/pexels-mauricio-mascaro-813661.jpg","width":1920,"height":1280},{"@type":"BreadcrumbList","@id":"https:\/\/guiadelocio.es\/madrid\/donde-comer-y-beber\/#breadcrumb","itemListElement":[{"@type":"ListItem","position":1,"name":"Portada","item":"https:\/\/guiadelocio.es\/madrid\/"},{"@type":"ListItem","position":2,"name":"D\u00f3nde comer y beber","item":"https:\/\/guiadelocio.es\/madrid\/donde-comer-y-beber\/"},{"@type":"ListItem","position":3,"name":"Nightlife"}]},{"@type":"WebSite","@id":"https:\/\/guiadelocio.es\/madrid\/#website","url":"https:\/\/guiadelocio.es\/madrid\/","name":"Madrid | Gu\u00eda del Ocio","description":"Qu\u00e9 hacer, d\u00f3nde comer, qu\u00e9 visitar y los lugares que no te puedes perder","potentialAction":[{"@type":"SearchAction","target":{"@type":"EntryPoint","urlTemplate":"https:\/\/guiadelocio.es\/madrid\/?s={search_term_string}"},"query-input":{"@type":"PropertyValueSpecification","valueRequired":true,"valueName":"search_term_string"}}],"inLanguage":"es"}]}},"_links":{"self":[{"href":"https:\/\/guiadelocio.es\/madrid\/wp-json\/wp\/v2\/pages\/915","targetHints":{"allow":["GET"]}}],"collection":[{"href":"https:\/\/guiadelocio.es\/madrid\/wp-json\/wp\/v2\/pages"}],"about":[{"href":"https:\/\/guiadelocio.es\/madrid\/wp-json\/wp\/v2\/types\/page"}],"author":[{"embeddable":true,"href":"https:\/\/guiadelocio.es\/madrid\/wp-json\/wp\/v2\/users\/2"}],"replies":[{"embeddable":true,"href":"https:\/\/guiadelocio.es\/madrid\/wp-json\/wp\/v2\/comments?post=915"}],"version-history":[{"count":0,"href":"https:\/\/guiadelocio.es\/madrid\/wp-json\/wp\/v2\/pages\/915\/revisions"}],"up":[{"embeddable":true,"href":"https:\/\/guiadelocio.es\/madrid\/wp-json\/wp\/v2\/pages\/131"}],"wp:featuredmedia":[{"embeddable":true,"href":"https:\/\/guiadelocio.es\/madrid\/wp-json\/wp\/v2\/media\/1719"}],"wp:attachment":[{"href":"https:\/\/guiadelocio.es\/madrid\/wp-json\/wp\/v2\/media?parent=915"}],"curies":[{"name":"wp","href":"https:\/\/api.w.org\/{rel}","templated":true}]}}