{"id":2020,"date":"2022-12-23T12:18:28","date_gmt":"2022-12-23T11:18:28","guid":{"rendered":"https:\/\/guiadelocio.es\/madrid\/?page_id=2020"},"modified":"2024-12-12T20:25:05","modified_gmt":"2024-12-12T19:25:05","slug":"quienes-somos","status":"publish","type":"page","link":"https:\/\/guiadelocio.es\/madrid\/quienes-somos\/","title":{"rendered":"Qui\u00e9nes somos"},"content":{"rendered":"","protected":false},"excerpt":{"rendered":"","protected":false},"author":1,"featured_media":0,"parent":0,"menu_order":41,"comment_status":"closed","ping_status":"closed","template":"","meta":{"_acf_changed":false,"footnotes":""},"class_list":["post-2020","page","type-page","status-publish","hentry"],"acf":[],"yoast_head":"<!-- This site is optimized with the Yoast SEO plugin v26.0 - https:\/\/yoast.com\/wordpress\/plugins\/seo\/ -->\n<title>Qui\u00e9nes somos | Madrid<\/title>\n<meta name=\"description\" content=\"Si quieres conocer qui\u00e9n hace Gu\u00eda del Ocio, qui\u00e9n est\u00e1 detr\u00e1s de nuestra publicaci\u00f3n y, adem\u00e1s, quieres contactar con nosotros...\" \/>\n<meta name=\"robots\" content=\"index, follow, max-snippet:-1, max-image-preview:large, max-video-preview:-1\" \/>\n<link rel=\"canonical\" href=\"https:\/\/guiadelocio.es\/madrid\/quienes-somos\/\" \/>\n<meta property=\"og:locale\" content=\"es_ES\" \/>\n<meta property=\"og:type\" content=\"article\" \/>\n<meta property=\"og:title\" content=\"Qui\u00e9nes somos | Madrid\" \/>\n<meta property=\"og:description\" content=\"Si quieres conocer qui\u00e9n hace Gu\u00eda del Ocio, qui\u00e9n est\u00e1 detr\u00e1s de nuestra publicaci\u00f3n y, adem\u00e1s, quieres contactar con nosotros...\" \/>\n<meta property=\"og:url\" content=\"https:\/\/guiadelocio.es\/madrid\/quienes-somos\/\" \/>\n<meta property=\"og:site_name\" content=\"Madrid\" \/>\n<meta property=\"article:modified_time\" content=\"2024-12-12T19:25:05+00:00\" \/>\n<meta name=\"twitter:card\" content=\"summary_large_image\" \/>\n<script type=\"application\/ld+json\" class=\"yoast-schema-graph\">{\"@context\":\"https:\/\/schema.org\",\"@graph\":[{\"@type\":\"WebPage\",\"@id\":\"https:\/\/guiadelocio.es\/madrid\/quienes-somos\/\",\"url\":\"https:\/\/guiadelocio.es\/madrid\/quienes-somos\/\",\"name\":\"Qui\u00e9nes somos | Madrid\",\"isPartOf\":{\"@id\":\"https:\/\/guiadelocio.es\/madrid\/#website\"},\"datePublished\":\"2022-12-23T11:18:28+00:00\",\"dateModified\":\"2024-12-12T19:25:05+00:00\",\"description\":\"Si quieres conocer qui\u00e9n hace Gu\u00eda del Ocio, qui\u00e9n est\u00e1 detr\u00e1s de nuestra publicaci\u00f3n y, adem\u00e1s, quieres contactar con nosotros...\",\"breadcrumb\":{\"@id\":\"https:\/\/guiadelocio.es\/madrid\/quienes-somos\/#breadcrumb\"},\"inLanguage\":\"es\",\"potentialAction\":[{\"@type\":\"ReadAction\",\"target\":[\"https:\/\/guiadelocio.es\/madrid\/quienes-somos\/\"]}]},{\"@type\":\"BreadcrumbList\",\"@id\":\"https:\/\/guiadelocio.es\/madrid\/quienes-somos\/#breadcrumb\",\"itemListElement\":[{\"@type\":\"ListItem\",\"position\":1,\"name\":\"Portada\",\"item\":\"https:\/\/guiadelocio.es\/madrid\/\"},{\"@type\":\"ListItem\",\"position\":2,\"name\":\"Qui\u00e9nes somos\"}]},{\"@type\":\"WebSite\",\"@id\":\"https:\/\/guiadelocio.es\/madrid\/#website\",\"url\":\"https:\/\/guiadelocio.es\/madrid\/\",\"name\":\"Madrid | Gu\u00eda del Ocio\",\"description\":\"Qu\u00e9 hacer, d\u00f3nde comer, qu\u00e9 visitar y los lugares que no te puedes perder\",\"potentialAction\":[{\"@type\":\"SearchAction\",\"target\":{\"@type\":\"EntryPoint\",\"urlTemplate\":\"https:\/\/guiadelocio.es\/madrid\/?s={search_term_string}\"},\"query-input\":{\"@type\":\"PropertyValueSpecification\",\"valueRequired\":true,\"valueName\":\"search_term_string\"}}],\"inLanguage\":\"es\"}]}<\/script>\n<!-- \/ Yoast SEO plugin. -->","yoast_head_json":{"title":"Qui\u00e9nes somos | Madrid","description":"Si quieres conocer qui\u00e9n hace Gu\u00eda del Ocio, qui\u00e9n est\u00e1 detr\u00e1s de nuestra publicaci\u00f3n y, adem\u00e1s, quieres contactar con nosotros...","robots":{"index":"index","follow":"follow","max-snippet":"max-snippet:-1","max-image-preview":"max-image-preview:large","max-video-preview":"max-video-preview:-1"},"canonical":"https:\/\/guiadelocio.es\/madrid\/quienes-somos\/","og_locale":"es_ES","og_type":"article","og_title":"Qui\u00e9nes somos | Madrid","og_description":"Si quieres conocer qui\u00e9n hace Gu\u00eda del Ocio, qui\u00e9n est\u00e1 detr\u00e1s de nuestra publicaci\u00f3n y, adem\u00e1s, quieres contactar con nosotros...","og_url":"https:\/\/guiadelocio.es\/madrid\/quienes-somos\/","og_site_name":"Madrid","article_modified_time":"2024-12-12T19:25:05+00:00","twitter_card":"summary_large_image","schema":{"@context":"https:\/\/schema.org","@graph":[{"@type":"WebPage","@id":"https:\/\/guiadelocio.es\/madrid\/quienes-somos\/","url":"https:\/\/guiadelocio.es\/madrid\/quienes-somos\/","name":"Qui\u00e9nes somos | Madrid","isPartOf":{"@id":"https:\/\/guiadelocio.es\/madrid\/#website"},"datePublished":"2022-12-23T11:18:28+00:00","dateModified":"2024-12-12T19:25:05+00:00","description":"Si quieres conocer qui\u00e9n hace Gu\u00eda del Ocio, qui\u00e9n est\u00e1 detr\u00e1s de nuestra publicaci\u00f3n y, adem\u00e1s, quieres contactar con nosotros...","breadcrumb":{"@id":"https:\/\/guiadelocio.es\/madrid\/quienes-somos\/#breadcrumb"},"inLanguage":"es","potentialAction":[{"@type":"ReadAction","target":["https:\/\/guiadelocio.es\/madrid\/quienes-somos\/"]}]},{"@type":"BreadcrumbList","@id":"https:\/\/guiadelocio.es\/madrid\/quienes-somos\/#breadcrumb","itemListElement":[{"@type":"ListItem","position":1,"name":"Portada","item":"https:\/\/guiadelocio.es\/madrid\/"},{"@type":"ListItem","position":2,"name":"Qui\u00e9nes somos"}]},{"@type":"WebSite","@id":"https:\/\/guiadelocio.es\/madrid\/#website","url":"https:\/\/guiadelocio.es\/madrid\/","name":"Madrid | Gu\u00eda del Ocio","description":"Qu\u00e9 hacer, d\u00f3nde comer, qu\u00e9 visitar y los lugares que no te puedes perder","potentialAction":[{"@type":"SearchAction","target":{"@type":"EntryPoint","urlTemplate":"https:\/\/guiadelocio.es\/madrid\/?s={search_term_string}"},"query-input":{"@type":"PropertyValueSpecification","valueRequired":true,"valueName":"search_term_string"}}],"inLanguage":"es"}]}},"_links":{"self":[{"href":"https:\/\/guiadelocio.es\/madrid\/wp-json\/wp\/v2\/pages\/2020","targetHints":{"allow":["GET"]}}],"collection":[{"href":"https:\/\/guiadelocio.es\/madrid\/wp-json\/wp\/v2\/pages"}],"about":[{"href":"https:\/\/guiadelocio.es\/madrid\/wp-json\/wp\/v2\/types\/page"}],"author":[{"embeddable":true,"href":"https:\/\/guiadelocio.es\/madrid\/wp-json\/wp\/v2\/users\/1"}],"replies":[{"embeddable":true,"href":"https:\/\/guiadelocio.es\/madrid\/wp-json\/wp\/v2\/comments?post=2020"}],"version-history":[{"count":0,"href":"https:\/\/guiadelocio.es\/madrid\/wp-json\/wp\/v2\/pages\/2020\/revisions"}],"wp:attachment":[{"href":"https:\/\/guiadelocio.es\/madrid\/wp-json\/wp\/v2\/media?parent=2020"}],"curies":[{"name":"wp","href":"https:\/\/api.w.org\/{rel}","templated":true}]}}