{"id":131,"date":"2022-10-27T06:34:51","date_gmt":"2022-10-27T06:34:51","guid":{"rendered":"https:\/\/guiadelocio.es\/madrid\/?page_id=131"},"modified":"2026-04-15T13:43:08","modified_gmt":"2026-04-15T11:43:08","slug":"donde-comer-y-beber","status":"publish","type":"page","link":"https:\/\/guiadelocio.es\/madrid\/donde-comer-y-beber\/","title":{"rendered":"D\u00f3nde comer y beber"},"content":{"rendered":"","protected":false},"excerpt":{"rendered":"","protected":false},"author":1,"featured_media":0,"parent":0,"menu_order":10,"comment_status":"closed","ping_status":"closed","template":"template-portada-agrupador.php","meta":{"_acf_changed":false,"footnotes":""},"class_list":["post-131","page","type-page","status-publish","hentry"],"acf":[],"yoast_head":"<!-- This site is optimized with the Yoast SEO plugin v26.0 - https:\/\/yoast.com\/wordpress\/plugins\/seo\/ -->\n<title>D\u00f3nde comer y beber | Madrid<\/title>\n<meta name=\"description\" content=\"\u00bfNo sabes d\u00f3nde comer en Madrid este fin de semana? \u00bfUna cena en pareja? \u00bfEsa celebraci\u00f3n en grupo que ten\u00edais pendiente?\" \/>\n<meta name=\"robots\" content=\"index, follow, max-snippet:-1, max-image-preview:large, max-video-preview:-1\" \/>\n<link rel=\"canonical\" href=\"https:\/\/guiadelocio.es\/madrid\/donde-comer-y-beber\/\" \/>\n<meta property=\"og:locale\" content=\"es_ES\" \/>\n<meta property=\"og:type\" content=\"article\" \/>\n<meta property=\"og:title\" content=\"D\u00f3nde comer y beber | Madrid\" \/>\n<meta property=\"og:description\" content=\"\u00bfNo sabes d\u00f3nde comer en Madrid este fin de semana? \u00bfUna cena en pareja? \u00bfEsa celebraci\u00f3n en grupo que ten\u00edais pendiente?\" \/>\n<meta property=\"og:url\" content=\"https:\/\/guiadelocio.es\/madrid\/donde-comer-y-beber\/\" \/>\n<meta property=\"og:site_name\" content=\"Madrid\" \/>\n<meta property=\"article:modified_time\" content=\"2026-04-15T11:43:08+00:00\" \/>\n<meta name=\"twitter:card\" content=\"summary_large_image\" \/>\n<script type=\"application\/ld+json\" class=\"yoast-schema-graph\">{\"@context\":\"https:\/\/schema.org\",\"@graph\":[{\"@type\":\"WebPage\",\"@id\":\"https:\/\/guiadelocio.es\/madrid\/donde-comer-y-beber\/\",\"url\":\"https:\/\/guiadelocio.es\/madrid\/donde-comer-y-beber\/\",\"name\":\"D\u00f3nde comer y beber | Madrid\",\"isPartOf\":{\"@id\":\"https:\/\/guiadelocio.es\/madrid\/#website\"},\"datePublished\":\"2022-10-27T06:34:51+00:00\",\"dateModified\":\"2026-04-15T11:43:08+00:00\",\"description\":\"\u00bfNo sabes d\u00f3nde comer en Madrid este fin de semana? \u00bfUna cena en pareja? \u00bfEsa celebraci\u00f3n en grupo que ten\u00edais pendiente?\",\"breadcrumb\":{\"@id\":\"https:\/\/guiadelocio.es\/madrid\/donde-comer-y-beber\/#breadcrumb\"},\"inLanguage\":\"es\",\"potentialAction\":[{\"@type\":\"ReadAction\",\"target\":[\"https:\/\/guiadelocio.es\/madrid\/donde-comer-y-beber\/\"]}]},{\"@type\":\"BreadcrumbList\",\"@id\":\"https:\/\/guiadelocio.es\/madrid\/donde-comer-y-beber\/#breadcrumb\",\"itemListElement\":[{\"@type\":\"ListItem\",\"position\":1,\"name\":\"Portada\",\"item\":\"https:\/\/guiadelocio.es\/madrid\/\"},{\"@type\":\"ListItem\",\"position\":2,\"name\":\"D\u00f3nde comer y beber\"}]},{\"@type\":\"WebSite\",\"@id\":\"https:\/\/guiadelocio.es\/madrid\/#website\",\"url\":\"https:\/\/guiadelocio.es\/madrid\/\",\"name\":\"Madrid | Gu\u00eda del Ocio\",\"description\":\"Qu\u00e9 hacer, d\u00f3nde comer, qu\u00e9 visitar y los lugares que no te puedes perder\",\"potentialAction\":[{\"@type\":\"SearchAction\",\"target\":{\"@type\":\"EntryPoint\",\"urlTemplate\":\"https:\/\/guiadelocio.es\/madrid\/?s={search_term_string}\"},\"query-input\":{\"@type\":\"PropertyValueSpecification\",\"valueRequired\":true,\"valueName\":\"search_term_string\"}}],\"inLanguage\":\"es\"}]}<\/script>\n<!-- \/ Yoast SEO plugin. -->","yoast_head_json":{"title":"D\u00f3nde comer y beber | Madrid","description":"\u00bfNo sabes d\u00f3nde comer en Madrid este fin de semana? \u00bfUna cena en pareja? \u00bfEsa celebraci\u00f3n en grupo que ten\u00edais pendiente?","robots":{"index":"index","follow":"follow","max-snippet":"max-snippet:-1","max-image-preview":"max-image-preview:large","max-video-preview":"max-video-preview:-1"},"canonical":"https:\/\/guiadelocio.es\/madrid\/donde-comer-y-beber\/","og_locale":"es_ES","og_type":"article","og_title":"D\u00f3nde comer y beber | Madrid","og_description":"\u00bfNo sabes d\u00f3nde comer en Madrid este fin de semana? \u00bfUna cena en pareja? \u00bfEsa celebraci\u00f3n en grupo que ten\u00edais pendiente?","og_url":"https:\/\/guiadelocio.es\/madrid\/donde-comer-y-beber\/","og_site_name":"Madrid","article_modified_time":"2026-04-15T11:43:08+00:00","twitter_card":"summary_large_image","schema":{"@context":"https:\/\/schema.org","@graph":[{"@type":"WebPage","@id":"https:\/\/guiadelocio.es\/madrid\/donde-comer-y-beber\/","url":"https:\/\/guiadelocio.es\/madrid\/donde-comer-y-beber\/","name":"D\u00f3nde comer y beber | Madrid","isPartOf":{"@id":"https:\/\/guiadelocio.es\/madrid\/#website"},"datePublished":"2022-10-27T06:34:51+00:00","dateModified":"2026-04-15T11:43:08+00:00","description":"\u00bfNo sabes d\u00f3nde comer en Madrid este fin de semana? \u00bfUna cena en pareja? \u00bfEsa celebraci\u00f3n en grupo que ten\u00edais pendiente?","breadcrumb":{"@id":"https:\/\/guiadelocio.es\/madrid\/donde-comer-y-beber\/#breadcrumb"},"inLanguage":"es","potentialAction":[{"@type":"ReadAction","target":["https:\/\/guiadelocio.es\/madrid\/donde-comer-y-beber\/"]}]},{"@type":"BreadcrumbList","@id":"https:\/\/guiadelocio.es\/madrid\/donde-comer-y-beber\/#breadcrumb","itemListElement":[{"@type":"ListItem","position":1,"name":"Portada","item":"https:\/\/guiadelocio.es\/madrid\/"},{"@type":"ListItem","position":2,"name":"D\u00f3nde comer y beber"}]},{"@type":"WebSite","@id":"https:\/\/guiadelocio.es\/madrid\/#website","url":"https:\/\/guiadelocio.es\/madrid\/","name":"Madrid | Gu\u00eda del Ocio","description":"Qu\u00e9 hacer, d\u00f3nde comer, qu\u00e9 visitar y los lugares que no te puedes perder","potentialAction":[{"@type":"SearchAction","target":{"@type":"EntryPoint","urlTemplate":"https:\/\/guiadelocio.es\/madrid\/?s={search_term_string}"},"query-input":{"@type":"PropertyValueSpecification","valueRequired":true,"valueName":"search_term_string"}}],"inLanguage":"es"}]}},"_links":{"self":[{"href":"https:\/\/guiadelocio.es\/madrid\/wp-json\/wp\/v2\/pages\/131","targetHints":{"allow":["GET"]}}],"collection":[{"href":"https:\/\/guiadelocio.es\/madrid\/wp-json\/wp\/v2\/pages"}],"about":[{"href":"https:\/\/guiadelocio.es\/madrid\/wp-json\/wp\/v2\/types\/page"}],"author":[{"embeddable":true,"href":"https:\/\/guiadelocio.es\/madrid\/wp-json\/wp\/v2\/users\/1"}],"replies":[{"embeddable":true,"href":"https:\/\/guiadelocio.es\/madrid\/wp-json\/wp\/v2\/comments?post=131"}],"version-history":[{"count":3,"href":"https:\/\/guiadelocio.es\/madrid\/wp-json\/wp\/v2\/pages\/131\/revisions"}],"predecessor-version":[{"id":52445,"href":"https:\/\/guiadelocio.es\/madrid\/wp-json\/wp\/v2\/pages\/131\/revisions\/52445"}],"wp:attachment":[{"href":"https:\/\/guiadelocio.es\/madrid\/wp-json\/wp\/v2\/media?parent=131"}],"curies":[{"name":"wp","href":"https:\/\/api.w.org\/{rel}","templated":true}]}}