{"id":116,"date":"2022-10-24T15:42:27","date_gmt":"2022-10-24T15:42:27","guid":{"rendered":"https:\/\/guiadelocio.es\/madrid\/?page_id=116"},"modified":"2026-04-26T09:46:15","modified_gmt":"2026-04-26T07:46:15","slug":"que-hacer","status":"publish","type":"page","link":"https:\/\/guiadelocio.es\/madrid\/que-hacer\/","title":{"rendered":"Qu\u00e9 hacer"},"content":{"rendered":"","protected":false},"excerpt":{"rendered":"","protected":false},"author":1,"featured_media":0,"parent":0,"menu_order":5,"comment_status":"closed","ping_status":"closed","template":"template-portada-agrupador.php","meta":{"_acf_changed":false,"footnotes":""},"class_list":["post-116","page","type-page","status-publish","hentry"],"acf":[],"yoast_head":"<!-- This site is optimized with the Yoast SEO plugin v26.0 - https:\/\/yoast.com\/wordpress\/plugins\/seo\/ -->\n<title>Qu\u00e9 hacer | Madrid<\/title>\n<meta name=\"description\" content=\"Cine, teatro, espect\u00e1culos, conciertos, arte, planes con ni\u00f1os.... todo lo que no te puedes perder en Madrid. Qu\u00e9 hacer en Madrid\" \/>\n<meta name=\"robots\" content=\"index, follow, max-snippet:-1, max-image-preview:large, max-video-preview:-1\" \/>\n<link rel=\"canonical\" href=\"https:\/\/guiadelocio.es\/madrid\/que-hacer\/\" \/>\n<meta property=\"og:locale\" content=\"es_ES\" \/>\n<meta property=\"og:type\" content=\"article\" \/>\n<meta property=\"og:title\" content=\"Qu\u00e9 hacer | Madrid\" \/>\n<meta property=\"og:description\" content=\"Cine, teatro, espect\u00e1culos, conciertos, arte, planes con ni\u00f1os.... todo lo que no te puedes perder en Madrid. Qu\u00e9 hacer en Madrid\" \/>\n<meta property=\"og:url\" content=\"https:\/\/guiadelocio.es\/madrid\/que-hacer\/\" \/>\n<meta property=\"og:site_name\" content=\"Madrid\" \/>\n<meta property=\"article:modified_time\" content=\"2026-04-26T07:46:15+00:00\" \/>\n<meta name=\"twitter:card\" content=\"summary_large_image\" \/>\n<script type=\"application\/ld+json\" class=\"yoast-schema-graph\">{\"@context\":\"https:\/\/schema.org\",\"@graph\":[{\"@type\":\"WebPage\",\"@id\":\"https:\/\/guiadelocio.es\/madrid\/que-hacer\/\",\"url\":\"https:\/\/guiadelocio.es\/madrid\/que-hacer\/\",\"name\":\"Qu\u00e9 hacer | Madrid\",\"isPartOf\":{\"@id\":\"https:\/\/guiadelocio.es\/madrid\/#website\"},\"datePublished\":\"2022-10-24T15:42:27+00:00\",\"dateModified\":\"2026-04-26T07:46:15+00:00\",\"description\":\"Cine, teatro, espect\u00e1culos, conciertos, arte, planes con ni\u00f1os.... todo lo que no te puedes perder en Madrid. Qu\u00e9 hacer en Madrid\",\"breadcrumb\":{\"@id\":\"https:\/\/guiadelocio.es\/madrid\/que-hacer\/#breadcrumb\"},\"inLanguage\":\"es\",\"potentialAction\":[{\"@type\":\"ReadAction\",\"target\":[\"https:\/\/guiadelocio.es\/madrid\/que-hacer\/\"]}]},{\"@type\":\"BreadcrumbList\",\"@id\":\"https:\/\/guiadelocio.es\/madrid\/que-hacer\/#breadcrumb\",\"itemListElement\":[{\"@type\":\"ListItem\",\"position\":1,\"name\":\"Portada\",\"item\":\"https:\/\/guiadelocio.es\/madrid\/\"},{\"@type\":\"ListItem\",\"position\":2,\"name\":\"Qu\u00e9 hacer\"}]},{\"@type\":\"WebSite\",\"@id\":\"https:\/\/guiadelocio.es\/madrid\/#website\",\"url\":\"https:\/\/guiadelocio.es\/madrid\/\",\"name\":\"Madrid | Gu\u00eda del Ocio\",\"description\":\"Qu\u00e9 hacer, d\u00f3nde comer, qu\u00e9 visitar y los lugares que no te puedes perder\",\"potentialAction\":[{\"@type\":\"SearchAction\",\"target\":{\"@type\":\"EntryPoint\",\"urlTemplate\":\"https:\/\/guiadelocio.es\/madrid\/?s={search_term_string}\"},\"query-input\":{\"@type\":\"PropertyValueSpecification\",\"valueRequired\":true,\"valueName\":\"search_term_string\"}}],\"inLanguage\":\"es\"}]}<\/script>\n<!-- \/ Yoast SEO plugin. -->","yoast_head_json":{"title":"Qu\u00e9 hacer | Madrid","description":"Cine, teatro, espect\u00e1culos, conciertos, arte, planes con ni\u00f1os.... todo lo que no te puedes perder en Madrid. Qu\u00e9 hacer en Madrid","robots":{"index":"index","follow":"follow","max-snippet":"max-snippet:-1","max-image-preview":"max-image-preview:large","max-video-preview":"max-video-preview:-1"},"canonical":"https:\/\/guiadelocio.es\/madrid\/que-hacer\/","og_locale":"es_ES","og_type":"article","og_title":"Qu\u00e9 hacer | Madrid","og_description":"Cine, teatro, espect\u00e1culos, conciertos, arte, planes con ni\u00f1os.... todo lo que no te puedes perder en Madrid. Qu\u00e9 hacer en Madrid","og_url":"https:\/\/guiadelocio.es\/madrid\/que-hacer\/","og_site_name":"Madrid","article_modified_time":"2026-04-26T07:46:15+00:00","twitter_card":"summary_large_image","schema":{"@context":"https:\/\/schema.org","@graph":[{"@type":"WebPage","@id":"https:\/\/guiadelocio.es\/madrid\/que-hacer\/","url":"https:\/\/guiadelocio.es\/madrid\/que-hacer\/","name":"Qu\u00e9 hacer | Madrid","isPartOf":{"@id":"https:\/\/guiadelocio.es\/madrid\/#website"},"datePublished":"2022-10-24T15:42:27+00:00","dateModified":"2026-04-26T07:46:15+00:00","description":"Cine, teatro, espect\u00e1culos, conciertos, arte, planes con ni\u00f1os.... todo lo que no te puedes perder en Madrid. Qu\u00e9 hacer en Madrid","breadcrumb":{"@id":"https:\/\/guiadelocio.es\/madrid\/que-hacer\/#breadcrumb"},"inLanguage":"es","potentialAction":[{"@type":"ReadAction","target":["https:\/\/guiadelocio.es\/madrid\/que-hacer\/"]}]},{"@type":"BreadcrumbList","@id":"https:\/\/guiadelocio.es\/madrid\/que-hacer\/#breadcrumb","itemListElement":[{"@type":"ListItem","position":1,"name":"Portada","item":"https:\/\/guiadelocio.es\/madrid\/"},{"@type":"ListItem","position":2,"name":"Qu\u00e9 hacer"}]},{"@type":"WebSite","@id":"https:\/\/guiadelocio.es\/madrid\/#website","url":"https:\/\/guiadelocio.es\/madrid\/","name":"Madrid | Gu\u00eda del Ocio","description":"Qu\u00e9 hacer, d\u00f3nde comer, qu\u00e9 visitar y los lugares que no te puedes perder","potentialAction":[{"@type":"SearchAction","target":{"@type":"EntryPoint","urlTemplate":"https:\/\/guiadelocio.es\/madrid\/?s={search_term_string}"},"query-input":{"@type":"PropertyValueSpecification","valueRequired":true,"valueName":"search_term_string"}}],"inLanguage":"es"}]}},"_links":{"self":[{"href":"https:\/\/guiadelocio.es\/madrid\/wp-json\/wp\/v2\/pages\/116","targetHints":{"allow":["GET"]}}],"collection":[{"href":"https:\/\/guiadelocio.es\/madrid\/wp-json\/wp\/v2\/pages"}],"about":[{"href":"https:\/\/guiadelocio.es\/madrid\/wp-json\/wp\/v2\/types\/page"}],"author":[{"embeddable":true,"href":"https:\/\/guiadelocio.es\/madrid\/wp-json\/wp\/v2\/users\/1"}],"replies":[{"embeddable":true,"href":"https:\/\/guiadelocio.es\/madrid\/wp-json\/wp\/v2\/comments?post=116"}],"version-history":[{"count":4,"href":"https:\/\/guiadelocio.es\/madrid\/wp-json\/wp\/v2\/pages\/116\/revisions"}],"predecessor-version":[{"id":52652,"href":"https:\/\/guiadelocio.es\/madrid\/wp-json\/wp\/v2\/pages\/116\/revisions\/52652"}],"wp:attachment":[{"href":"https:\/\/guiadelocio.es\/madrid\/wp-json\/wp\/v2\/media?parent=116"}],"curies":[{"name":"wp","href":"https:\/\/api.w.org\/{rel}","templated":true}]}}