{"id":11303,"date":"2023-04-21T12:08:17","date_gmt":"2023-04-21T10:08:17","guid":{"rendered":"https:\/\/guiadelocio.es\/madrid\/?page_id=11303"},"modified":"2023-04-24T12:45:12","modified_gmt":"2023-04-24T10:45:12","slug":"suscribete-aqui-a-nuestra-newsletter","status":"publish","type":"page","link":"https:\/\/guiadelocio.es\/madrid\/suscribete-aqui-a-nuestra-newsletter\/","title":{"rendered":"Suscripci\u00f3n"},"content":{"rendered":"","protected":false},"excerpt":{"rendered":"","protected":false},"author":3,"featured_media":0,"parent":0,"menu_order":48,"comment_status":"closed","ping_status":"closed","template":"","meta":{"_acf_changed":false,"footnotes":""},"class_list":["post-11303","page","type-page","status-publish","hentry"],"acf":[],"yoast_head":"<!-- This site is optimized with the Yoast SEO plugin v26.0 - https:\/\/yoast.com\/wordpress\/plugins\/seo\/ -->\n<title>Suscr\u00edbete aqu\u00ed a la newsletter de Gu\u00eda del Ocio<\/title>\n<meta name=\"description\" content=\"Para no perderte nada y ser el primero en enterarte de todo lo que pasa a diario en tu ciudad, suscr\u00edbete aqu\u00ed a nuestra newsletter.\" \/>\n<meta name=\"robots\" content=\"index, follow, max-snippet:-1, max-image-preview:large, max-video-preview:-1\" \/>\n<link rel=\"canonical\" href=\"https:\/\/guiadelocio.es\/madrid\/suscribete-aqui-a-nuestra-newsletter\/\" \/>\n<meta property=\"og:locale\" content=\"es_ES\" \/>\n<meta property=\"og:type\" content=\"article\" \/>\n<meta property=\"og:title\" content=\"Suscr\u00edbete aqu\u00ed a la newsletter de Gu\u00eda del Ocio\" \/>\n<meta property=\"og:description\" content=\"Para no perderte nada y ser el primero en enterarte de todo lo que pasa a diario en tu ciudad, suscr\u00edbete aqu\u00ed a nuestra newsletter.\" \/>\n<meta property=\"og:url\" content=\"https:\/\/guiadelocio.es\/madrid\/suscribete-aqui-a-nuestra-newsletter\/\" \/>\n<meta property=\"og:site_name\" content=\"Madrid\" \/>\n<meta property=\"article:modified_time\" content=\"2023-04-24T10:45:12+00:00\" \/>\n<meta name=\"twitter:card\" content=\"summary_large_image\" \/>\n<script type=\"application\/ld+json\" class=\"yoast-schema-graph\">{\"@context\":\"https:\/\/schema.org\",\"@graph\":[{\"@type\":\"WebPage\",\"@id\":\"https:\/\/guiadelocio.es\/madrid\/suscribete-aqui-a-nuestra-newsletter\/\",\"url\":\"https:\/\/guiadelocio.es\/madrid\/suscribete-aqui-a-nuestra-newsletter\/\",\"name\":\"Suscr\u00edbete aqu\u00ed a la newsletter de Gu\u00eda del Ocio\",\"isPartOf\":{\"@id\":\"https:\/\/guiadelocio.es\/madrid\/#website\"},\"datePublished\":\"2023-04-21T10:08:17+00:00\",\"dateModified\":\"2023-04-24T10:45:12+00:00\",\"description\":\"Para no perderte nada y ser el primero en enterarte de todo lo que pasa a diario en tu ciudad, suscr\u00edbete aqu\u00ed a nuestra newsletter.\",\"breadcrumb\":{\"@id\":\"https:\/\/guiadelocio.es\/madrid\/suscribete-aqui-a-nuestra-newsletter\/#breadcrumb\"},\"inLanguage\":\"es\",\"potentialAction\":[{\"@type\":\"ReadAction\",\"target\":[\"https:\/\/guiadelocio.es\/madrid\/suscribete-aqui-a-nuestra-newsletter\/\"]}]},{\"@type\":\"BreadcrumbList\",\"@id\":\"https:\/\/guiadelocio.es\/madrid\/suscribete-aqui-a-nuestra-newsletter\/#breadcrumb\",\"itemListElement\":[{\"@type\":\"ListItem\",\"position\":1,\"name\":\"Portada\",\"item\":\"https:\/\/guiadelocio.es\/madrid\/\"},{\"@type\":\"ListItem\",\"position\":2,\"name\":\"Suscripci\u00f3n\"}]},{\"@type\":\"WebSite\",\"@id\":\"https:\/\/guiadelocio.es\/madrid\/#website\",\"url\":\"https:\/\/guiadelocio.es\/madrid\/\",\"name\":\"Madrid | Gu\u00eda del Ocio\",\"description\":\"Qu\u00e9 hacer, d\u00f3nde comer, qu\u00e9 visitar y los lugares que no te puedes perder\",\"potentialAction\":[{\"@type\":\"SearchAction\",\"target\":{\"@type\":\"EntryPoint\",\"urlTemplate\":\"https:\/\/guiadelocio.es\/madrid\/?s={search_term_string}\"},\"query-input\":{\"@type\":\"PropertyValueSpecification\",\"valueRequired\":true,\"valueName\":\"search_term_string\"}}],\"inLanguage\":\"es\"}]}<\/script>\n<!-- \/ Yoast SEO plugin. -->","yoast_head_json":{"title":"Suscr\u00edbete aqu\u00ed a la newsletter de Gu\u00eda del Ocio","description":"Para no perderte nada y ser el primero en enterarte de todo lo que pasa a diario en tu ciudad, suscr\u00edbete aqu\u00ed a nuestra newsletter.","robots":{"index":"index","follow":"follow","max-snippet":"max-snippet:-1","max-image-preview":"max-image-preview:large","max-video-preview":"max-video-preview:-1"},"canonical":"https:\/\/guiadelocio.es\/madrid\/suscribete-aqui-a-nuestra-newsletter\/","og_locale":"es_ES","og_type":"article","og_title":"Suscr\u00edbete aqu\u00ed a la newsletter de Gu\u00eda del Ocio","og_description":"Para no perderte nada y ser el primero en enterarte de todo lo que pasa a diario en tu ciudad, suscr\u00edbete aqu\u00ed a nuestra newsletter.","og_url":"https:\/\/guiadelocio.es\/madrid\/suscribete-aqui-a-nuestra-newsletter\/","og_site_name":"Madrid","article_modified_time":"2023-04-24T10:45:12+00:00","twitter_card":"summary_large_image","schema":{"@context":"https:\/\/schema.org","@graph":[{"@type":"WebPage","@id":"https:\/\/guiadelocio.es\/madrid\/suscribete-aqui-a-nuestra-newsletter\/","url":"https:\/\/guiadelocio.es\/madrid\/suscribete-aqui-a-nuestra-newsletter\/","name":"Suscr\u00edbete aqu\u00ed a la newsletter de Gu\u00eda del Ocio","isPartOf":{"@id":"https:\/\/guiadelocio.es\/madrid\/#website"},"datePublished":"2023-04-21T10:08:17+00:00","dateModified":"2023-04-24T10:45:12+00:00","description":"Para no perderte nada y ser el primero en enterarte de todo lo que pasa a diario en tu ciudad, suscr\u00edbete aqu\u00ed a nuestra newsletter.","breadcrumb":{"@id":"https:\/\/guiadelocio.es\/madrid\/suscribete-aqui-a-nuestra-newsletter\/#breadcrumb"},"inLanguage":"es","potentialAction":[{"@type":"ReadAction","target":["https:\/\/guiadelocio.es\/madrid\/suscribete-aqui-a-nuestra-newsletter\/"]}]},{"@type":"BreadcrumbList","@id":"https:\/\/guiadelocio.es\/madrid\/suscribete-aqui-a-nuestra-newsletter\/#breadcrumb","itemListElement":[{"@type":"ListItem","position":1,"name":"Portada","item":"https:\/\/guiadelocio.es\/madrid\/"},{"@type":"ListItem","position":2,"name":"Suscripci\u00f3n"}]},{"@type":"WebSite","@id":"https:\/\/guiadelocio.es\/madrid\/#website","url":"https:\/\/guiadelocio.es\/madrid\/","name":"Madrid | Gu\u00eda del Ocio","description":"Qu\u00e9 hacer, d\u00f3nde comer, qu\u00e9 visitar y los lugares que no te puedes perder","potentialAction":[{"@type":"SearchAction","target":{"@type":"EntryPoint","urlTemplate":"https:\/\/guiadelocio.es\/madrid\/?s={search_term_string}"},"query-input":{"@type":"PropertyValueSpecification","valueRequired":true,"valueName":"search_term_string"}}],"inLanguage":"es"}]}},"_links":{"self":[{"href":"https:\/\/guiadelocio.es\/madrid\/wp-json\/wp\/v2\/pages\/11303","targetHints":{"allow":["GET"]}}],"collection":[{"href":"https:\/\/guiadelocio.es\/madrid\/wp-json\/wp\/v2\/pages"}],"about":[{"href":"https:\/\/guiadelocio.es\/madrid\/wp-json\/wp\/v2\/types\/page"}],"author":[{"embeddable":true,"href":"https:\/\/guiadelocio.es\/madrid\/wp-json\/wp\/v2\/users\/3"}],"replies":[{"embeddable":true,"href":"https:\/\/guiadelocio.es\/madrid\/wp-json\/wp\/v2\/comments?post=11303"}],"version-history":[{"count":0,"href":"https:\/\/guiadelocio.es\/madrid\/wp-json\/wp\/v2\/pages\/11303\/revisions"}],"wp:attachment":[{"href":"https:\/\/guiadelocio.es\/madrid\/wp-json\/wp\/v2\/media?parent=11303"}],"curies":[{"name":"wp","href":"https:\/\/api.w.org\/{rel}","templated":true}]}}